{"id":119,"date":"2016-03-28T13:21:12","date_gmt":"2016-03-28T13:21:12","guid":{"rendered":"https:\/\/eventually.ch\/?page_id=119"},"modified":"2024-03-25T20:53:39","modified_gmt":"2024-03-25T19:53:39","slug":"about-us","status":"publish","type":"page","link":"https:\/\/eventually.ch\/fr\/about-us\/","title":{"rendered":"\u00c0 propos de nous"},"content":{"rendered":"<section class=\"wpb-content-wrapper\"><div class=\"vc_row wpb_row vc_row-fluid vc_custom_1709046986494 vc_row-has-fill\"><div class=\"wpb_column vc_column_container vc_col-sm-6\"><div class=\"vc_column-inner\"><div class=\"wpb_wrapper\"><div class=\"sc_section margin_top_large margin_bottom_large\"><div class=\"sc_section_inner\"><div class=\"sc_section_content_wrap\"><figure class=\"sc_image  sc_image_shape_square team_img\"><img decoding=\"async\" src=\"https:\/\/eventually.ch\/wp-content\/uploads\/2016\/03\/Sweets-final-copy.jpg\" alt=\"\" \/><\/figure><\/div><\/div><\/div><\/div><\/div><\/div><div class=\"wpb_column vc_column_container vc_col-sm-1\"><div class=\"vc_column-inner\"><div class=\"wpb_wrapper\"><\/div><\/div><\/div><div class=\"wpb_column vc_column_container vc_col-sm-5 vc_col-has-fill\"><div class=\"vc_column-inner vc_custom_1708025994301\"><div class=\"wpb_wrapper\"><div class=\"sc_section team_section margin_top_null margin_bottom_null aligncenter\" style=\"font-weight:400;\"><div class=\"sc_section_inner\"><h6 class=\"sc_section_subtitle sc_item_subtitle\">- salutations du directeur -<\/h6><h2 class=\"sc_section_title sc_item_title sc_item_title_with_descr\">cr\u00e9atrice<\/h2><div class=\"sc_section_descr sc_item_descr\">En qualit\u00e9 de directrice et de cr\u00e9atrice, je suis ravie de partager avec vous ma passion pour la cr\u00e9ation, \u00e0 travers nos cartes personnalis\u00e9es.\nBienvenue dans notre monde o\u00f9 chaque carte raconte une histoire unique !\nEn tant qu'amatrice de cr\u00e9ation, j'ai choisi de donner vie \u00e0 mes id\u00e9es et \u00e0 mes inspirations sur le papier. Initialement, je cherchais \u00e0 restituer la magie d'un moment particulier sur le papier. J'ai entrepris de concevoir des images et des th\u00e8mes pour les refl\u00e9ter. A la suite de nombreux croquis, une proposition a \u00e9merg\u00e9.<\/p>\n<p>Alors en 2010, j'ai ainsi fond\u00e9 mon entreprise - Eventually. Les moments importants, qu'on les c\u00e9l\u00e8bre de mani\u00e8re chatoyante ou discr\u00e8te, captivent notre attention. Ils cr\u00e9ent une histoire charmante, et souvent, ils se traduisent par un souvenir que l\u2019on peut ch\u00e9rir.<\/div><div class=\"sc_section_content_wrap\"><\/div><div class=\"sc_section_button sc_item_button\"><a href=\"#\" class=\"sc_button sc_button_square sc_button_style_filled sc_button_size_medium\">Chinelo C.<\/a><\/div><\/div><\/div><\/div><\/div><\/div><\/div><div class=\"vc_row wpb_row vc_row-fluid\"><div class=\"wpb_column vc_column_container vc_col-sm-12\"><div class=\"vc_column-inner\"><div class=\"wpb_wrapper\"><div class=\"sc_section margin_top_large margin_bottom_large\"><div class=\"sc_section_inner\"><div class=\"sc_section_content_wrap\"><div class=\"cq-floatblock cq-floatblock-position-right_center cq-floatblock-shape-rounded cq-floatblock-btn-large\" data-position=\"right_center\" data-isdisplay=\"\" style=\"width:300\" data-elementwidth=\"300\" data-autodelay=\"0\"><div class=\"cq-floatblock-header\"><img decoding=\"async\" src=\"https:\/\/eventually.ch\/wp-content\/uploads\/2023\/11\/handmade-image.jpg\" class=\"cq-floatblock-image\" alt=\"\" \/><div class=\"cq-floatblock-button\" style=\"color:#dd3333;background:#b7b7b7\"><div class=\"cq-floatblock-iconcontainer\"><i class=\"cq-floatblock-icon fab fa-gratipay\" style=\"color:#dd3333;\"><\/i><\/div><\/div><\/div><div class=\"cq-floatblock-title cq-floatblock-white\">\n                          <h3 style=\"color:#8e8e8e\">Cartes personnalis\u00e9es faites \u00e0 la main<\/h3>\n                          <\/div><div class=\"cq-floatblock-content\"><div class=\"vc_btn3-container vc_btn3-center\" ><a class=\"vc_general vc_btn3 vc_btn3-size-lg vc_btn3-shape-rounded vc_btn3-style-modern vc_btn3-color-grey\" href=\"https:\/\/eventually.ch\/product-category\/birth-announcement-cards-boys\/\" title=\"\">Cartes Uniques - SHOP<\/a><\/div><\/div><\/div><\/div><\/div><\/div><div class=\"sc_section margin_bottom_medium aligncenter column-1_1\" style=\"font-size:16px; line-height: 1.3em;font-weight:100;\"><div class=\"sc_section_inner\"><h2 class=\"sc_section_title sc_item_title sc_item_title_without_descr\"><\/p>\n<h4>Certains commentaires des clients des commandes de la cat\u00e9gorie des cartes Grandes Occassion ......<h4><\/h2><div class=\"sc_section_content_wrap\"><\/div><\/div><\/div><\/div><\/div><\/div><\/div><div data-vc-full-width=\"true\" data-vc-full-width-init=\"false\" class=\"vc_row wpb_row vc_row-fluid vc_custom_1709346408087 vc_row-has-fill vc_row-o-full-height vc_row-o-columns-middle vc_row-o-equal-height vc_row-flex\"><div class=\"wpb_column vc_column_container vc_col-sm-6\"><div class=\"vc_column-inner\"><div class=\"wpb_wrapper\"><div class=\"cq-floatcaption cq-floatcaption-position-left cq-floatcaption-shape-rounded cq-floatcaption-percent-82\" data-position=\"left\"><div class=\"cq-floatcaption-imagecontainer\"><img decoding=\"async\" class=\"cq-floatcaption-image\" src=\"https:\/\/eventually.ch\/wp-content\/uploads\/2024\/02\/100-yrs-old-card-6-2-350x311.jpg\" \/><\/div><div class=\"cq-floatcaption-text\" style=\"background-color:#bababa\"><h3 class=\"cq-floatcaption-title\" style=\"color:#fcfcfc;font-size:1em\">Felix, Villeneuve VD<\/h3><p class=\"cq-floatcaption-description\"><\/h4>\n<h5><span style=\"color: #ffffff;\">Une belle carte extraordinaire, bien faite qui sera un tr\u00e8s beau souvenir!<\/span><br \/>\n<span style=\"color: #ffffff;\">100 ans!<\/span><\/h5>\n<p>&nbsp;<\/p>\n<p><\/p><div class=\"vc_btn3-container vc_btn3-center\" ><a class=\"vc_general vc_btn3 vc_btn3-size-sm vc_btn3-shape-rounded vc_btn3-style-modern vc_btn3-color-black\" href=\"https:\/\/eventually.ch\/product\/big-occasion-size-cards\/\" title=\"\">Super!<\/a><\/div><\/div><\/div><\/div><\/div><\/div><div class=\"wpb_column vc_column_container vc_col-sm-6\"><div class=\"vc_column-inner\"><div class=\"wpb_wrapper\"><div class=\"cq-floatcaption cq-floatcaption-position-left cq-floatcaption-shape-rounded cq-floatcaption-percent-73\" data-position=\"left\"><div class=\"cq-floatcaption-imagecontainer\"><img decoding=\"async\" class=\"cq-floatcaption-image\" src=\"https:\/\/eventually.ch\/wp-content\/uploads\/2023\/11\/mummys-75th-birthday-card-111-scaled-300x425.jpeg\" \/><\/div><div class=\"cq-floatcaption-text\" style=\"background-color:#bababa\"><h3 class=\"cq-floatcaption-title\" style=\"color:#fcfcfc;font-size:1em\">Muriel, La Tour-de-Peilz<\/h3><p class=\"cq-floatcaption-description\"><\/p>\n<h5><span style=\"color: #ffffff;\">Une belle carte aux couleurs vives artistiquement combin\u00e9es. Elle refl\u00e8te le don de l\u2019auteure pour choisir les bonnes couleurs et la composition montre son talent \u00e0 mettre en valeur et \u00e0 faire plaisir \u00e0 celui qui admire la carte !<\/span><\/h5>\n<p>&nbsp;<\/p>\n<p><\/p><div class=\"vc_btn3-container vc_btn3-center\" ><a class=\"vc_general vc_btn3 vc_btn3-size-sm vc_btn3-shape-rounded vc_btn3-style-modern vc_btn3-color-turquoise\" href=\"https:\/\/eventually.ch\/product\/big-occasion-size-cards\/\" title=\"\">Wow!<\/a><\/div><\/div><\/div><\/div><\/div><\/div><\/div><div class=\"vc_row-full-width vc_clearfix\"><\/div>\n<\/section>","protected":false},"excerpt":{"rendered":"- director\u2019s greetings -Creative DesignerAs a passionate in creating things, I decided to venture out and put my ideas to paper \u2013 some incredible whilst others, let\u2019s just say, were [...]","protected":false},"author":1,"featured_media":0,"parent":0,"menu_order":0,"comment_status":"closed","ping_status":"closed","template":"","meta":{"footnotes":""},"_links":{"self":[{"href":"https:\/\/eventually.ch\/fr\/wp-json\/wp\/v2\/pages\/119"}],"collection":[{"href":"https:\/\/eventually.ch\/fr\/wp-json\/wp\/v2\/pages"}],"about":[{"href":"https:\/\/eventually.ch\/fr\/wp-json\/wp\/v2\/types\/page"}],"author":[{"embeddable":true,"href":"https:\/\/eventually.ch\/fr\/wp-json\/wp\/v2\/users\/1"}],"replies":[{"embeddable":true,"href":"https:\/\/eventually.ch\/fr\/wp-json\/wp\/v2\/comments?post=119"}],"version-history":[{"count":66,"href":"https:\/\/eventually.ch\/fr\/wp-json\/wp\/v2\/pages\/119\/revisions"}],"predecessor-version":[{"id":2929,"href":"https:\/\/eventually.ch\/fr\/wp-json\/wp\/v2\/pages\/119\/revisions\/2929"}],"wp:attachment":[{"href":"https:\/\/eventually.ch\/fr\/wp-json\/wp\/v2\/media?parent=119"}],"curies":[{"name":"wp","href":"https:\/\/api.w.org\/{rel}","templated":true}]}}