{"id":301,"date":"2016-03-29T09:31:49","date_gmt":"2016-03-29T09:31:49","guid":{"rendered":"https:\/\/eventually.ch\/?page_id=301"},"modified":"2024-03-01T22:37:48","modified_gmt":"2024-03-01T21:37:48","slug":"shop-overview","status":"publish","type":"page","link":"https:\/\/eventually.ch\/fr\/shop-overview\/","title":{"rendered":"Aper\u00e7u de la Boutique"},"content":{"rendered":"<section class=\"wpb-content-wrapper\"><div class=\"vc_row wpb_row vc_row-fluid\"><div class=\"wpb_column vc_column_container vc_col-sm-12 vc_col-has-fill\"><div class=\"vc_column-inner vc_custom_1707237332854\"><div class=\"wpb_wrapper\"><div class=\"vc_separator wpb_content_element vc_separator_align_center vc_sep_width_100 vc_sep_border_width_10 vc_sep_pos_align_center vc_separator_no_text vc_sep_color_white\" ><span class=\"vc_sep_holder vc_sep_holder_l\"><span class=\"vc_sep_line\"><\/span><\/span><span class=\"vc_sep_holder vc_sep_holder_r\"><span class=\"vc_sep_line\"><\/span><\/span>\n<\/div>\n\t<div  class=\"wpb_single_image wpb_content_element vc_align_center\">\n\t\t\n\t\t<figure class=\"wpb_wrapper vc_figure\">\n\t\t\t<div class=\"vc_single_image-wrapper   vc_box_border_grey\"><img loading=\"lazy\" decoding=\"async\" class=\"vc_single_image-img\" src=\"https:\/\/eventually.ch\/wp-content\/uploads\/2024\/03\/acid-free-cards-768x350.jpeg\" width=\"768\" height=\"350\" alt=\"acid-free cards\" title=\"acid-free cards\" \/><\/div>\n\t\t<\/figure>\n\t<\/div>\n<div class=\"sc_section aligncenter\" style=\"color:#a8a8a8;\"><div class=\"sc_section_inner\"><div class=\"sc_section_overlay\" style=\"\"><div class=\"sc_section_content padding_on\" style=\"\"><h6 class=\"sc_section_subtitle sc_item_subtitle\">- Cartes faites \u00e0 la main -<\/h6><h2 class=\"sc_section_title sc_item_title sc_item_title_with_descr\">F\u00e9licitations pour l'arriv\u00e9e du nouveau b\u00e9b\u00e9 !<\/h2><div class=\"sc_section_descr sc_item_descr\"><\/p>\n<h6>Bienvenue \u00e0 votre nouvelle arriv\u00e9e... quelle joyeuse nouvelle la naissance d'une nouvelle vie apporte !<\/h6>\n<h5>Pour c\u00e9l\u00e9brer cette merveilleuse nouvelle, nous proposons une vari\u00e9t\u00e9 de cartes faites \u00e0 la main pour correspondre \u00e0 vos go\u00fbts. Chaque carte poss\u00e8de une caract\u00e9ristique unique, qu'il s'agisse d'un design attrayant, d'une mise en page en relief ou d'embellissements finement choisis, pour n'en nommer que quelques-uns.<\/h5>\n<h5>Si vous avez une id\u00e9e de carte personnalis\u00e9e sp\u00e9cifique, n'h\u00e9sitez pas \u00e0 me contacter (vous pouvez m'envoyer des photos, des croquis ou vos id\u00e9es) et nous pourrons travailler ensemble pour r\u00e9aliser la carte de votre choix.<\/h5>\n<h5>Chaque carte est livr\u00e9e avec sa propre enveloppe et celle-ci est incluse dans le prix.<\/h5>\n<p><\/div><div class=\"sc_section_content_wrap\"><\/div><\/div><\/div><\/div><\/div><\/div><\/div><\/div><\/div><div class=\"vc_row wpb_row vc_row-fluid\"><div class=\"wpb_column vc_column_container vc_col-sm-12\"><div class=\"vc_column-inner\"><div class=\"wpb_wrapper\"><div class=\"sc_section margin_top_medium margin_bottom_medium scheme_color_blocks\" style=\"color:#afafaf;\"><div class=\"sc_section_inner\"><div class=\"sc_section_content_wrap\"><div class=\"woocommerce columns-3\"><ul class=\"products columns-3\">\n<li class=\"product-category product first\">\n\t<a aria-label=\"Acc\u00e9der \u00e0 la cat\u00e9gorie de produits Big Occasion Cards\" href=\"https:\/\/eventually.ch\/fr\/categorie-produit\/big-occasion-cards\/\" data-no-translation-aria-label=\"\"><img loading=\"lazy\" decoding=\"async\" src=\"https:\/\/eventually.ch\/wp-content\/uploads\/2024\/02\/100-yrs-old-card-7.jpg\" alt=\"Big Occasion Cards\" width=\"2539\" height=\"2539\" srcset=\"https:\/\/eventually.ch\/wp-content\/uploads\/2024\/02\/100-yrs-old-card-7.jpg 550w, https:\/\/eventually.ch\/wp-content\/uploads\/2024\/02\/100-yrs-old-card-7-471x600.jpg 471w\" sizes=\"(max-width: 550px) 100vw, 550px\" \/>\t\t<h2 class=\"woocommerce-loop-category__title\">\n\t\t\tCartes Grandes Occasions <mark class=\"count\">(1)<\/mark>\t\t<\/h2>\n\t\t<\/a><\/li>\n<li class=\"product-category product\">\n\t<a aria-label=\"Acc\u00e9der \u00e0 la cat\u00e9gorie de produits Birth Announcement Cards - boys\" href=\"https:\/\/eventually.ch\/fr\/categorie-produit\/birth-announcement-cards-boys\/\" data-no-translation-aria-label=\"\"><img loading=\"lazy\" decoding=\"async\" src=\"https:\/\/eventually.ch\/wp-content\/uploads\/2024\/03\/feeding-bottle-blue-11-9-2000x2539.jpeg\" alt=\"Birth Announcement Cards - boys\" width=\"2539\" height=\"2539\" \/>\t\t<h2 class=\"woocommerce-loop-category__title\">\n\t\t\tFaire-part de naissance - gar\u00e7ons <mark class=\"count\">(10)<\/mark>\t\t<\/h2>\n\t\t<\/a><\/li>\n<li class=\"product-category product last\">\n\t<a aria-label=\"Acc\u00e9der \u00e0 la cat\u00e9gorie de produits Birth Announcement Cards - girls\" href=\"https:\/\/eventually.ch\/fr\/categorie-produit\/birth-announcement-cards-girls\/\" data-no-translation-aria-label=\"\"><img loading=\"lazy\" decoding=\"async\" src=\"https:\/\/eventually.ch\/wp-content\/uploads\/2024\/02\/pink-beetle-card-1-2.jpg\" alt=\"Birth Announcement Cards - girls\" width=\"2539\" height=\"2539\" srcset=\"https:\/\/eventually.ch\/wp-content\/uploads\/2024\/02\/pink-beetle-card-1-2.jpg 550w, https:\/\/eventually.ch\/wp-content\/uploads\/2024\/02\/pink-beetle-card-1-2-471x600.jpg 471w\" sizes=\"(max-width: 550px) 100vw, 550px\" \/>\t\t<h2 class=\"woocommerce-loop-category__title\">\n\t\t\tFaire-part de naissance - fille <mark class=\"count\">(10)<\/mark>\t\t<\/h2>\n\t\t<\/a><\/li>\n<\/ul>\n<\/div><\/div><\/div><\/div><\/div><\/div><\/div><\/div><div data-vc-full-width=\"true\" data-vc-full-width-init=\"false\" class=\"vc_row wpb_row vc_row-fluid vc_custom_1459246725272 vc_row-has-fill\"><div class=\"wpb_column vc_column_container vc_col-sm-12\"><div class=\"vc_column-inner\"><div class=\"wpb_wrapper\"><div class=\"sc_section\"><div class=\"sc_section_inner\"><div class=\"sc_section_content_wrap\"><div id=\"sc_services_1336915149_wrap\" class=\"sc_services_wrap\"><div id=\"sc_services_1336915149\" class=\"sc_services sc_services_style_services-1 sc_services_type_images\" style=\"width:100%;\" data-equal-height=\".sc_services_item\"><div class=\"sc_columns columns_wrap\"><div class=\"column-1_3 column_padding_bottom\">\t\t\t<div id=\"sc_services_1336915149_1\"\t\t\t\tclass=\"sc_services_item sc_services_item_1 odd first\"\n\t\t\t\t>\n\t\t\t\t\t\t\t\t\t<div class=\"sc_services_item_featured post_featured\">\n\t\t\t\t\t\t\t\t\t\t\t<\/div>\n\t\t\t\t\t\t\t\t\t<div class=\"sc_services_item_content\">\n\t\t\t\t\t<h5 class=\"sc_services_item_title\"><a href=\"https:\/\/eventually.ch\/fr\/services\/each-card-comes-with-an-envelope\/\">Enveloppe\u2026.<\/a><\/h5>\n\t\t\t\t\t<div class=\"sc_services_item_description\">\n\t\t\t\t\t\t<p>Chaque carte est livr\u00e9e avec une enveloppe !<\/p>\t\t\t\t\t<\/div>\n\t\t\t\t<\/div>\n\t\t\t<\/div>\n\t\t<\/div><div class=\"column-1_3 column_padding_bottom\">\t\t\t<div id=\"sc_services_1336915149_2\"\t\t\t\tclass=\"sc_services_item sc_services_item_2 even\"\n\t\t\t\t>\n\t\t\t\t\t\t\t\t\t<div class=\"sc_services_item_featured post_featured\">\n\t\t\t\t\t\t\t\t\t\t\t<\/div>\n\t\t\t\t\t\t\t\t\t<div class=\"sc_services_item_content\">\n\t\t\t\t\t<h5 class=\"sc_services_item_title\"><a href=\"https:\/\/eventually.ch\/fr\/services\/embellishments-like-ribbons-cut-out-shapes-embossed-hearts-eyelet-tags-etc-can-be-added-to-your-card\/\">Embellissements\u2026.<\/a><\/h5>\n\t\t\t\t\t<div class=\"sc_services_item_description\">\n\t\t\t\t\t\t<p>Des embellissements comme des rubans, des formes d\u00e9coup\u00e9es, des c\u0153urs en relief, des \u00e9tiquettes \u00e0 \u0153illets, etc. peuvent \u00eatre ajout\u00e9s \u00e0 votre carte !<\/p>\t\t\t\t\t<\/div>\n\t\t\t\t<\/div>\n\t\t\t<\/div>\n\t\t<\/div><div class=\"column-1_3 column_padding_bottom\">\t\t\t<div id=\"sc_services_1336915149_3\"\t\t\t\tclass=\"sc_services_item sc_services_item_3 odd\"\n\t\t\t\t>\n\t\t\t\t\t\t\t\t\t<div class=\"sc_services_item_featured post_featured\">\n\t\t\t\t\t\t\t\t\t\t\t<\/div>\n\t\t\t\t\t\t\t\t\t<div class=\"sc_services_item_content\">\n\t\t\t\t\t<h5 class=\"sc_services_item_title\"><a href=\"https:\/\/eventually.ch\/fr\/services\/baby-picture\/\">Photo de b\u00e9b\u00e9\u2026..<\/a><\/h5>\n\t\t\t\t\t<div class=\"sc_services_item_description\">\n\t\t\t\t\t\t<p>Une photo de b\u00e9b\u00e9 peut \u00e9galement \u00eatre ajout\u00e9e sur demande !<\/p>\t\t\t\t\t<\/div>\n\t\t\t\t<\/div>\n\t\t\t<\/div>\n\t\t<\/div><\/div><\/div><!-- \/.sc_services --><\/div><!-- \/.sc_services_wrap --><\/div><\/div><\/div><\/div><\/div><\/div><\/div><div class=\"vc_row-full-width vc_clearfix\"><\/div><div data-vc-full-width=\"true\" data-vc-full-width-init=\"false\" data-vc-stretch-content=\"true\" class=\"vc_row wpb_row vc_row-fluid light vc_custom_1707234357265 vc_row-has-fill\"><div class=\"wpb_column vc_column_container vc_col-sm-12\"><div class=\"vc_column-inner\"><div class=\"wpb_wrapper\"><div class=\"sc_section light sc_section_block margin_top_huge margin_bottom_huge aligncenter\"><div class=\"sc_section_inner\"><h6 class=\"sc_section_subtitle sc_item_subtitle\">Cartes faites \u00e0 la main<\/h6><h2 class=\"sc_section_title sc_item_title sc_item_title_without_descr\">Visionner nos vid\u00e9os !<\/h2><div class=\"sc_section_content_wrap\"><a href=\"#video_player\" target=\"#video_player\" class=\"sc_button sc_button_square sc_button_style_filled sc_button_size_small video_icon margin_top_large margin_bottom_large  sc_button_iconed icon-play-1 sc_popup_link\" style=\"color:#444444;background-color:#ffffff; border-color:#ffffff;\"><\/a><div id=\"video_player\" class=\"sc_popup mfp-with-anim mfp-hide\"><video class=\"sc_video\" src=\"https:\/\/eventually.ch\/wp-content\/uploads\/2024\/02\/Eventually.ch-Horizontal-video.mp4\" width=\"100%\" height=\"\" data-width=\"100%\" data-height=\"\" data-ratio=\"16:9\" style=\"width:100%;\" controls=\"controls\" loop=\"loop\"><\/video><\/div><div class=\"sc_section\"><div class=\"sc_section_inner\"><div class=\"sc_section_content_wrap\"><a href=\"https:\/\/eventually.ch\/product-category\/birth-announcement-cards-boys\/\" class=\"sc_button sc_button_square sc_button_style_filled sc_button_size_large\">Shop<\/a><\/div><\/div><\/div><\/div><\/div><\/div><\/div><\/div><\/div><\/div><div class=\"vc_row-full-width vc_clearfix\"><\/div><div data-vc-full-width=\"true\" data-vc-full-width-init=\"false\" class=\"vc_row wpb_row vc_row-fluid vc_custom_1709027582700 vc_row-has-fill\"><div class=\"wpb_column vc_column_container vc_col-sm-12\"><div class=\"vc_column-inner\"><div class=\"wpb_wrapper\"><div class=\"sc_section margin_top_medium margin_bottom_huge aligncenter\"><div class=\"sc_section_inner\"><div class=\"sc_section_content_wrap\"><div class=\"vc_row wpb_row vc_inner vc_row-fluid\"><div class=\"wpb_column vc_column_container vc_col-sm-12\"><div class=\"vc_column-inner\"><div class=\"wpb_wrapper\"><h6 class=\"sc_title sc_title_regular sc_align_center\" style=\"text-align:center;\">\u2013 formulaire de contact \u2013<\/h6><h1 class=\"sc_title sc_title_regular sc_align_center\" style=\"text-align:center;\">Me Contacter<\/h1>\n<div class=\"wpcf7 no-js\" id=\"wpcf7-f749-o1\" lang=\"en-US\" dir=\"ltr\">\n<div class=\"screen-reader-response\"><p role=\"status\" aria-live=\"polite\" aria-atomic=\"true\"><\/p> <ul><\/ul><\/div>\n<form action=\"\/fr\/wp-json\/wp\/v2\/pages\/301#wpcf7-f749-o1\" method=\"post\" class=\"wpcf7-form init\" aria-label=\"Contact form\" novalidate=\"novalidate\" data-status=\"init\" data-trp-original-action=\"\/fr\/wp-json\/wp\/v2\/pages\/301#wpcf7-f749-o1\">\n<div style=\"display: none;\">\n<input type=\"hidden\" name=\"_wpcf7\" value=\"749\" \/>\n<input type=\"hidden\" name=\"_wpcf7_version\" value=\"5.9.8\" \/>\n<input type=\"hidden\" name=\"_wpcf7_locale\" value=\"en_US\" \/>\n<input type=\"hidden\" name=\"_wpcf7_unit_tag\" value=\"wpcf7-f749-o1\" \/>\n<input type=\"hidden\" name=\"_wpcf7_container_post\" value=\"0\" \/>\n<input type=\"hidden\" name=\"_wpcf7_posted_data_hash\" value=\"\" \/>\n<\/div>\n<div class=\"flex\">\n\t<div class='itm row' >\n\t\t<p><span class=\"wpcf7-form-control-wrap\" data-name=\"your-name\"><input size=\"40\" maxlength=\"400\" class=\"wpcf7-form-control wpcf7-text wpcf7-validates-as-required\" aria-required=\"true\" aria-invalid=\"false\" placeholder=\"Nom*\" value=\"\" type=\"text\" name=\"your-name\" \/><\/span>\n\t\t<\/p>\n\t<\/div>\n\t<div class='itm row'>\n\t\t<p><span class=\"wpcf7-form-control-wrap\" data-name=\"your-email\"><input size=\"40\" maxlength=\"400\" class=\"wpcf7-form-control wpcf7-email wpcf7-validates-as-required wpcf7-text wpcf7-validates-as-email\" aria-required=\"true\" aria-invalid=\"false\" placeholder=\"E-mail*\" value=\"\" type=\"email\" name=\"your-email\" \/><\/span>\n\t\t<\/p>\n\t<\/div>\n<\/div>\n<div class=''>\n\t<p><span class=\"wpcf7-form-control-wrap\" data-name=\"your-message\"><textarea cols=\"40\" rows=\"10\" maxlength=\"2000\" class=\"wpcf7-form-control wpcf7-textarea wpcf7-validates-as-required\" aria-required=\"true\" aria-invalid=\"false\" placeholder=\"Message*\" name=\"your-message\"><\/textarea><\/span>\n\t<\/p>\n<\/div>\n<div class=\"sc_form_field sc_form_field_button sc_form_field_submit\">\n\t<p><input class=\"wpcf7-form-control wpcf7-submit has-spinner\" type=\"submit\" value=\"SUBMIT\" \/>\n\t<\/p>\n<\/div><div class=\"wpcf7-response-output\" aria-hidden=\"true\"><\/div>\n<input type=\"hidden\" name=\"trp-form-language\" value=\"fr\"\/><\/form>\n<\/div>\n<\/div><\/div><\/div><\/div><\/div><\/div><\/div><\/div><\/div><\/div><\/div><div class=\"vc_row-full-width vc_clearfix\"><\/div>\n<\/section>","protected":false},"excerpt":{"rendered":"Une photo de b\u00e9b\u00e9 peut \u00e9galement \u00eatre ajout\u00e9e sur demande !","protected":false},"author":1,"featured_media":0,"parent":0,"menu_order":0,"comment_status":"closed","ping_status":"closed","template":"","meta":{"footnotes":""},"_links":{"self":[{"href":"https:\/\/eventually.ch\/fr\/wp-json\/wp\/v2\/pages\/301"}],"collection":[{"href":"https:\/\/eventually.ch\/fr\/wp-json\/wp\/v2\/pages"}],"about":[{"href":"https:\/\/eventually.ch\/fr\/wp-json\/wp\/v2\/types\/page"}],"author":[{"embeddable":true,"href":"https:\/\/eventually.ch\/fr\/wp-json\/wp\/v2\/users\/1"}],"replies":[{"embeddable":true,"href":"https:\/\/eventually.ch\/fr\/wp-json\/wp\/v2\/comments?post=301"}],"version-history":[{"count":102,"href":"https:\/\/eventually.ch\/fr\/wp-json\/wp\/v2\/pages\/301\/revisions"}],"predecessor-version":[{"id":2576,"href":"https:\/\/eventually.ch\/fr\/wp-json\/wp\/v2\/pages\/301\/revisions\/2576"}],"wp:attachment":[{"href":"https:\/\/eventually.ch\/fr\/wp-json\/wp\/v2\/media?parent=301"}],"curies":[{"name":"wp","href":"https:\/\/api.w.org\/{rel}","templated":true}]}}