{"id":739,"date":"2018-07-24T12:03:26","date_gmt":"2018-07-24T12:03:26","guid":{"rendered":"https:\/\/eventually.ch\/?page_id=739"},"modified":"2024-04-18T13:58:41","modified_gmt":"2024-04-18T11:58:41","slug":"termsconditions","status":"publish","type":"page","link":"https:\/\/eventually.ch\/fr\/termsconditions\/","title":{"rendered":"Termes &amp; Conditions"},"content":{"rendered":"<section class=\"wpb-content-wrapper\"><div class=\"vc_row wpb_row vc_row-fluid vc_custom_1709325986940 vc_row-has-fill\"><div class=\"wpb_column vc_column_container vc_col-sm-12\"><div class=\"vc_column-inner\"><div class=\"wpb_wrapper\">\n\t<div class=\"wpb_text_column wpb_content_element\" >\n\t\t<div class=\"wpb_wrapper\">\n\t\t\t<h5>INTRODUCTION<\/h5>\n<p><span style=\"font-weight: 400;\">Nous sommes une petite entreprise ind\u00e9pendante bas\u00e9e \u00e0 Montreux, en Suisse. Passionn\u00e9e par la cr\u00e9ation d'objets, je suis fascin\u00e9e par la mani\u00e8re dont un message peut prendre vie, en utilisant diff\u00e9rents papiers textur\u00e9s, et des accessoires finement s\u00e9lectionn\u00e9s. C'est pourquoi je suis \u00e9galement passionn\u00e9 par le jardinage, voyant l'\u00e9tonnement de voir comment une seule graine qui semblait insignifiante peut produire une belle plante avec des feuilles, des fleurs et des fruits magnifiques con\u00e7us par Dieu.<br \/>\n<\/span><\/p>\n<p><span style=\"font-weight: 400;\">Cela dit, Eventually.ch vous exprime sa gratitude pour votre confiance pour participer \u00e0 votre c\u00e9l\u00e9bration.<\/span><\/p>\n<p><span style=\"font-weight: 400;\">Je vous invite \u00e0 consulter nos conditions g\u00e9n\u00e9rales pour participer pleinement \u00e0 cette exp\u00e9rience.<\/span><\/p>\n<p><span style=\"font-weight: 400;\">Toutes les commandes effectu\u00e9es sur notre site Internet, www.eventually.ch, sont soumises \u00e0 nos conditions g\u00e9n\u00e9rales.<\/span><\/p>\n<p>En validant votre commande, vous acceptez ces conditions et vous certifiez avoir l'\u00e2ge minimum l\u00e9gal (18 ans) pour effectuer des achats en ligne.<\/p>\n\n\t\t<\/div>\n\t<\/div>\n<div class=\"vc_empty_space\"   style=\"height: 4em\"><span class=\"vc_empty_space_inner\"><\/span><\/div><\/div><\/div><\/div><\/div><div class=\"vc_row wpb_row vc_row-fluid vc_custom_1527690597112 vc_row-has-fill\"><div class=\"wpb_column vc_column_container vc_col-sm-12\"><div class=\"vc_column-inner\"><div class=\"wpb_wrapper\">\n\t<div class=\"wpb_text_column wpb_content_element\" >\n\t\t<div class=\"wpb_wrapper\">\n\t\t\t<h5>COMMANDES ET PAIEMENTS<\/h5>\n<h6><span style=\"font-weight: 400;\">Prix<\/span><\/h6>\n<p><span style=\"font-weight: 400;\">Chaque carte sur ce site est affich\u00e9e en francs suisses et inclut la TVA. Les frais de port ne sont pas inclus et seront ajout\u00e9s \u00e0 la fin de la commande. Consultez la section Frais de port pour plus d'informations.<br \/>\n<\/span><\/p>\n<p><span style=\"font-weight: 400;\">Eventually.ch se r\u00e9serve le droit de modifier ses prix, mais le tarif indiqu\u00e9 lors de la commande sera celui figurant sur votre facture.<\/span><\/p>\n<h6><span style=\"font-weight: 400;\">COMMANDE<br \/>\n<\/span><\/h6>\n<p><span style=\"font-weight: 400;\">Chaque commande est trait\u00e9e d\u00e8s que nous recevons le paiement.<\/span><\/p>\n<p><span style=\"font-weight: 400;\">Each card is inspired, created and made by us &#8211; Eventually.ch. We also work with inspirations from our clients, who send us their ideas and we both work together to produce their desired card.<\/span><\/p>\n<p><span style=\"font-weight: 400;\">Chaque carte est vendue avec une enveloppe incluse dans le prix., La taille de la carte et l'enveloppe (ainsi que sa couleur) sont pr\u00e9cis\u00e9es sur la page de description de la carte en question.<\/span><\/p>\n<p><span style=\"font-weight: 400;\">Bien que nous cherchions \u00e0 maintenir la coh\u00e9rence de chaque carte, de petites variations peuvent se produire sans alt\u00e9rer la qualit\u00e9 globale.<\/span><\/p>\n<p><span style=\"font-weight: 400;\">Le logo Eventually.ch est plac\u00e9 \u00e0 l'arri\u00e8re de chaque enveloppe, mais si vous souhaitez qu'il n'y soit pas, veuillez-nous le faire savoir. Cependant, ce serait sympa de nous aider \u00e0 faire conna\u00eetre notre entreprise \u00e0 vos amis et \u00e0 vos proches, merci.<\/span><\/p>\n<h6><span style=\"font-weight: 400;\">PAIEMENTS<br \/>\n<\/span><\/h6>\n<p><span style=\"font-weight: 400;\">Les paiements complets des commandes s'effectuent en ligne via carte avec plusieurs choix disponibles.<\/span><\/p>\n<p><span style=\"font-weight: 400;\">Il n\u2019est PAS possible de payer sur facture.<br \/>\n<\/span><\/p>\n<p><span style=\"font-weight: 400;\">Il existe \u00e9galement la possibilit\u00e9 de payer par TWINT. Contactez-moi pour plus de d\u00e9tails sur cette option.<\/span><\/p>\n<h6><span style=\"font-weight: 400;\">AFFRANCHISSEMENT<br \/>\n<\/span><\/h6>\n<p><span style=\"font-weight: 400;\">Les commandes pass\u00e9es sont envoy\u00e9es via la Poste Suisse dans les 7 \u00e0 10 jours suivant la r\u00e9ception du paiement int\u00e9gral des cartes command\u00e9es. <\/span><\/p>\n<p><span style=\"font-weight: 400;\">Les frais de postage pour les \u00e9chantillons de cartes sont gratuits, mais le co\u00fbt de la carte est \u00e0 r\u00e9gler. Pour obtenir un \u00e9chantillon de carte, contactez-nous directement pour obtenir un code promo car un code promo vous sera remis en priv\u00e9 pour un envoi gratuit. <\/span><\/p>\n<p><span style=\"font-weight: 400;\">Les frais de postage fixes sont de CHF8.50 pour les commandes de moins de 350 CHF qui est accompagn\u00e9 d'un re\u00e7u postal permettant de suivre la <img loading=\"lazy\" decoding=\"async\" class=\"wp-image-2656 alignright\" src=\"https:\/\/eventually.ch\/wp-content\/uploads\/2024\/03\/post-office-prices.jpg\" alt=\"\" width=\"302\" height=\"217\" \/>livraison.<\/span><\/p>\n<p><span style=\"font-weight: 400;\">Pour les commandes d\u00e9passant CHF350, les frais de postage sont gratuits. N'oubliez pas de cliquer sur le bouton de postage  gratuit qui appara\u00eetra sur la page du panier (juste avant le bouton \u2013 proc\u00e9der au paiement \u2013), si vous souhaitez profiter de cette offre de postage gratuit.<\/span><\/p>\n<p><span style=\"font-weight: 400;\">Les frais de postage sont ajout\u00e9s en plus des frais de votre commande finale.<\/span><\/p>\n<p><span style=\"font-weight: 400;\">Les commandes sont exp\u00e9di\u00e9es \u00e0 l'adresse fournie par le client, et tout co\u00fbt suppl\u00e9mentaire r\u00e9sultant d'une adresse incorrecte est \u00e0 la charge du client.<\/span><\/p>\n<p><span style=\"font-weight: 400;\">Les envois ne sont pas effectu\u00e9s vers des adresses en case postale.<\/span><\/p>\n<p><span style=\"font-weight: 400;\">Aucune commande n'est exp\u00e9di\u00e9e en dehors de la Suisse.<\/span><\/p>\n<h6><span style=\"font-weight: 400;\">Coupons<\/span><\/h6>\n<p><span style=\"font-weight: 400;\">B\u00e9n\u00e9ficiez d'une r\u00e9duction de 5 % sur les commandes de plus de 50 cartes. Le code promo est visible sur la banni\u00e8re du lion, dans le curseur sup\u00e9rieur de la page d'accueil.<\/span><\/p>\n<p><span style=\"font-weight: 400;\">ll existe un code promo, ce dernier est envoy\u00e9 en priv\u00e9 aux clients qui commandent un \u00e9chantillon de carte. Avec le code promo juste les frais de postage vous sont offerts, mais la carte est payante. Contactez-moi en priv\u00e9 pour recevoir ce code. Ce dernier est valable pendant 24 heures apr\u00e8s r\u00e9ception.<\/span><\/p>\n\n\t\t<\/div>\n\t<\/div>\n<div class=\"vc_empty_space\"   style=\"height: 4em\"><span class=\"vc_empty_space_inner\"><\/span><\/div><\/div><\/div><\/div><\/div><div class=\"vc_row wpb_row vc_row-fluid vc_custom_1527690601612 vc_row-has-fill\"><div class=\"wpb_column vc_column_container vc_col-sm-12\"><div class=\"vc_column-inner\"><div class=\"wpb_wrapper\">\n\t<div class=\"wpb_text_column wpb_content_element\" >\n\t\t<div class=\"wpb_wrapper\">\n\t\t\t<h5>POLITIQUE DE RETOUR ET D'ANNULATION<\/h5>\n<h6><span style=\"font-weight: 400;\">RETOUR<br \/>\n<\/span><\/h6>\n<p><span style=\"font-weight: 400;\">Aucun \u00e9change, ni remboursement, n'est possible apr\u00e8s l'envoi de la commande. <\/span><\/p>\n<p><span style=\"font-weight: 400;\">Ceci est principalement d\u00fb \u00e0 plusieurs raisons comme :<\/span><\/p>\n<ul>\n<li><span style=\"font-weight: 400;\">\u00c9changes fr\u00e9quents avec le client pour parvenir \u00e0 un consensus sur le produit final.<\/span><\/li>\n<li><span style=\"font-weight: 400;\">La commande d\u2019un \u00e9chantillon de carte est possible, moyennant des frais pour le\/la client.e, ce qui lui offre la possibilit\u00e9 de pr\u00e9visualiser la carte, avant de finaliser sa commande.<\/span><\/li>\n<\/ul>\n<h6><span style=\"font-weight: 400;\">CARTES ENDOMMAG\u00c9ES<br \/>\n<\/span><\/h6>\n<p><span style=\"font-weight: 400;\">En cas de dommage \u00e0 une carte, le\/la client.e dispose de 2 \u00e0 3 jours, apr\u00e8s l'envoi de la commande, pour faire une r\u00e9clamation \u00e0 chinelo@eventually.ch.<\/span><\/p>\n<h6><span style=\"font-weight: 400;\">ANNULATION<br \/>\n<\/span><\/h6>\n<p><span style=\"font-weight: 400;\">Une fois que nous avons re\u00e7u votre commande et le paiement, 'Eventually' consid\u00e8re cela comme une confirmation pour la traiter. Si vous souhaitez annuler dans les 24 heures, aucun frais ne sera appliqu\u00e9. Au-del\u00e0 de ce d\u00e9lai, l'annulation entra\u00eenera le co\u00fbt total de la commande (sauf les frais de port, si le colis n'a pas encore \u00e9t\u00e9 exp\u00e9di\u00e9 \u2013  auquel cas, ces frais seront rembours\u00e9s au client ou \u00e0 la cliente).<\/span><\/p>\n<p><span style=\"font-weight: 400;\">Veuillez noter que toutes les cartes sont fabriqu\u00e9es \u00e0 la main, ce qui peut entra\u00eener de l\u00e9g\u00e8res variations. Cependant, elles pr\u00e9senteront dans l\u2019ensemble une grande similitude.<\/span><\/p>\n\n\t\t<\/div>\n\t<\/div>\n<div class=\"vc_empty_space\"   style=\"height: 4em\"><span class=\"vc_empty_space_inner\"><\/span><\/div><\/div><\/div><\/div><\/div><div class=\"vc_row wpb_row vc_row-fluid vc_custom_1527690611459 vc_row-has-fill\"><div class=\"wpb_column vc_column_container vc_col-sm-12\"><div class=\"vc_column-inner\"><div class=\"wpb_wrapper\">\n\t<div class=\"wpb_text_column wpb_content_element\" >\n\t\t<div class=\"wpb_wrapper\">\n\t\t\t<h5>COMMENTAIRES &amp; FORMULAIRE DE CONTACT<\/h5>\n<h6>COMMENTAIRES<\/h6>\n<p><span style=\"font-weight: 400;\">Les avis, ou les retours des clients que vous trouvez sur notre site sont r\u00e9dig\u00e9s par notre \u00e9quipe.<\/span><\/p>\n<p><span style=\"font-weight: 400;\">Les clients nous font part de leurs impressions, que nous publions en leur nom.<\/span><\/p>\n<p><span style=\"font-weight: 400;\">Il n\u2019est en effet pas possible de soumettre des commentaires directement sur notre site.<\/span><\/p>\n<h6>FORMULAIRE DE CONTACT<\/h6>\n<p><span style=\"font-weight: 400;\">Les informations que vous soumettez via le formulaire de contact de notre site sont transmises \u00e0 l'adresse e-mail de notre entreprise.<\/span><\/p>\n<p><span style=\"font-weight: 400;\">Ces informations sont conserv\u00e9es exclusivement \u00e0 des fins de service \u00e0 la client\u00e8le, sans jamais \u00eatre exploit\u00e9es \u00e0 des fins de marketing, ni partag\u00e9es avec des tiers.<\/span><\/p>\n\n\t\t<\/div>\n\t<\/div>\n<div class=\"vc_empty_space\"   style=\"height: 4em\"><span class=\"vc_empty_space_inner\"><\/span><\/div><\/div><\/div><\/div><\/div><div class=\"vc_row wpb_row vc_row-fluid vc_custom_1527690611459 vc_row-has-fill\"><div class=\"wpb_column vc_column_container vc_col-sm-12\"><div class=\"vc_column-inner\"><div class=\"wpb_wrapper\">\n\t<div class=\"wpb_text_column wpb_content_element\" >\n\t\t<div class=\"wpb_wrapper\">\n\t\t\t<h5>PROTECTION DES DONN\u00c9ES<\/h5>\n<p><span style=\"font-weight: 400;\">En tant que client.e, vos informations personnelles sont accessibles uniquement par l'administratrice, Chinelo C., qui peut consulter et ajuster ces informations, que vous ayez, ou non, un compte enregistr\u00e9.<\/span><\/p>\n<p><span style=\"font-weight: 400;\">Si vous cr\u00e9ez un compte sur notre site, nous conservons votre nom d'utilisateur\/utilisatrice, votre adresse e-mail et toute information personnelle ajout\u00e9e \u00e0 votre profil.\nVous avez, dans tous les cas, la possibilit\u00e9 de voir, de modifier, ou de supprimer vos informations personnelles \u00e0 tout moment, sauf en ce qui concerne le changement du nom d'utilisateur\/utilisatrice.<\/span><\/p>\n<p><span style=\"font-weight: 400;\">Nous utilisons vos informations personnelles dans les cas suivants :<\/span><\/p>\n<ul>\n<li><span style=\"font-weight: 400;\">- V\u00e9rification\/identification de l'utilisateur\/utilisatrice lors de l'utilisation du site ;<\/span><\/li>\n<li><span style=\"font-weight: 400;\">- Fournir une assistance technique ;<\/span><\/li>\n<li><span style=\"font-weight: 400;\">- Envoi de mises \u00e0 jour importantes ;<\/span><\/li>\n<li><span style=\"font-weight: 400;\">- V\u00e9rification de l'activit\u00e9 des comptes pour pr\u00e9venir les transactions frauduleuses et assurer la s\u00e9curit\u00e9 des informations personnelles de nos clients ;<\/span><\/li>\n<li><span style=\"font-weight: 400;\">- Utilisation de vos donn\u00e9es personnelles uniquement pour traiter vos commandes. <span class=\"Y2IQFc\" lang=\"en\">to fulfill your orders.<\/span><\/span><\/li>\n<\/ul>\n<p><span style=\"font-weight: 400;\">Toutes les informations personnelles que vous partagez avec nous sont conserv\u00e9es et prot\u00e9g\u00e9es avec un grand souci de confidentialit\u00e9 et de protection des donn\u00e9es.<\/span><\/p>\n\n\t\t<\/div>\n\t<\/div>\n<div class=\"vc_empty_space\"   style=\"height: 4em\"><span class=\"vc_empty_space_inner\"><\/span><\/div><\/div><\/div><\/div><\/div><div class=\"vc_row wpb_row vc_row-fluid vc_custom_1527690611459 vc_row-has-fill\"><div class=\"wpb_column vc_column_container vc_col-sm-12\"><div class=\"vc_column-inner\"><div class=\"wpb_wrapper\">\n\t<div class=\"wpb_text_column wpb_content_element\" >\n\t\t<div class=\"wpb_wrapper\">\n\t\t\t<h5>MESURES DE S\u00c9CURIT\u00c9<\/h5>\n<p><span style=\"font-weight: 400;\">Nous utilisons le protocole SSL\/HTTPS sur tout notre site pour crypter les communications avec nos serveurs, assurant ainsi, que vos informations personnelles ne soient pas captur\u00e9es, ou pirat\u00e9es, par des tiers non autoris\u00e9s.<\/span><\/p>\n<p><span style=\"font-weight: 400;\">En cas de violation de donn\u00e9es, l\u2019administratrice prendra imm\u00e9diatement des mesures pour garantir l'int\u00e9grit\u00e9 du syst\u00e8me, informera les utilisateurs et les utilisatrices concern\u00e9.e.s et proposera une r\u00e9initialisation du mot de passe, si n\u00e9cessaire.<\/span><\/p>\n\n\t\t<\/div>\n\t<\/div>\n<div class=\"vc_empty_space\"   style=\"height: 4em\"><span class=\"vc_empty_space_inner\"><\/span><\/div><\/div><\/div><\/div><\/div><div class=\"vc_row wpb_row vc_row-fluid vc_custom_1527690611459 vc_row-has-fill\"><div class=\"wpb_column vc_column_container vc_col-sm-12\"><div class=\"vc_column-inner\"><div class=\"wpb_wrapper\">\n\t<div class=\"wpb_text_column wpb_content_element\" >\n\t\t<div class=\"wpb_wrapper\">\n\t\t\t<h5>AMENDEMENTS &amp; FORUM JURIDIQUE<\/h5>\n<h6>AMENDEMENTS<\/h6>\n<p><span style=\"font-weight: 400;\">Cette politique de conditions g\u00e9n\u00e9rales peut \u00eatre modifi\u00e9e de temps \u00e0 autre. Les modifications seront mises \u00e0 jour sur cette page, et votre acceptation sera requise pour continuer \u00e0 utiliser nos services.<\/span><\/p>\n<h6>FORUM JURIDIQUE ET DROITS<\/h6>\n<p><span style=\"font-weight: 400;\">En cas de litige ou de bataille juridique, cette politique de conditions g\u00e9n\u00e9rales sert de base juridique.<\/span><\/p>\n<p><span style=\"font-weight: 400;\">Pour toutes autres clauses non mentionn\u00e9es dans les conditions g\u00e9n\u00e9rales, la loi Suisse s'applique.<\/span><\/p>\n<p><span style=\"font-weight: 400;\">Tout litige sera trait\u00e9 par le Tribunal D\u2019arrondissement Vaudois.<\/p>\n\n\t\t<\/div>\n\t<\/div>\n<div class=\"vc_empty_space\"   style=\"height: 4em\"><span class=\"vc_empty_space_inner\"><\/span><\/div><\/div><\/div><\/div><\/div><div class=\"vc_row wpb_row vc_row-fluid\"><div class=\"wpb_column vc_column_container vc_col-sm-12\"><div class=\"vc_column-inner\"><div class=\"wpb_wrapper\">\n\t<div class=\"wpb_text_column wpb_content_element\" >\n\t\t<div class=\"wpb_wrapper\">\n\t\t\t<p><\/span><\/p>\n\n\t\t<\/div>\n\t<\/div>\n<\/div><\/div><\/div><\/div>\n<\/section>","protected":false},"excerpt":{"rendered":"INTRODUCTION We are a small independent company based in Montreux, Switzerland. As a passionate in creating things, I am always fascinated on how an image can be made using different [...]","protected":false},"author":1,"featured_media":0,"parent":0,"menu_order":0,"comment_status":"closed","ping_status":"closed","template":"","meta":{"footnotes":""},"_links":{"self":[{"href":"https:\/\/eventually.ch\/fr\/wp-json\/wp\/v2\/pages\/739"}],"collection":[{"href":"https:\/\/eventually.ch\/fr\/wp-json\/wp\/v2\/pages"}],"about":[{"href":"https:\/\/eventually.ch\/fr\/wp-json\/wp\/v2\/types\/page"}],"author":[{"embeddable":true,"href":"https:\/\/eventually.ch\/fr\/wp-json\/wp\/v2\/users\/1"}],"replies":[{"embeddable":true,"href":"https:\/\/eventually.ch\/fr\/wp-json\/wp\/v2\/comments?post=739"}],"version-history":[{"count":57,"href":"https:\/\/eventually.ch\/fr\/wp-json\/wp\/v2\/pages\/739\/revisions"}],"predecessor-version":[{"id":2937,"href":"https:\/\/eventually.ch\/fr\/wp-json\/wp\/v2\/pages\/739\/revisions\/2937"}],"wp:attachment":[{"href":"https:\/\/eventually.ch\/fr\/wp-json\/wp\/v2\/media?parent=739"}],"curies":[{"name":"wp","href":"https:\/\/api.w.org\/{rel}","templated":true}]}}