{"id":90,"date":"2016-03-27T14:51:03","date_gmt":"2016-03-27T14:51:03","guid":{"rendered":"https:\/\/eventually.ch\/?page_id=90"},"modified":"2024-10-28T17:33:01","modified_gmt":"2024-10-28T16:33:01","slug":"contacts","status":"publish","type":"page","link":"https:\/\/eventually.ch\/fr\/contacts\/","title":{"rendered":"Contact"},"content":{"rendered":"<section class=\"wpb-content-wrapper\"><div class=\"vc_row wpb_row vc_row-fluid vc_custom_1709046337705 vc_row-has-fill\"><div class=\"wpb_column vc_column_container vc_col-sm-12\"><div class=\"vc_column-inner\"><div class=\"wpb_wrapper\"><div  class=\"vc_wp_text wpb_content_element\"><div class=\"widget widget_text\">\t\t\t<div class=\"textwidget\"><\/p>\n<h4 style=\"text-align: center;\">CONTACT<\/h4>\n<p>\n<\/div>\n\t\t<\/div><\/div><\/div><\/div><\/div><\/div><div data-vc-full-width=\"true\" data-vc-full-width-init=\"false\" class=\"vc_row wpb_row vc_row-fluid vc_custom_1709042271427 vc_column-gap-30\"><div class=\"wpb_column vc_column_container vc_col-sm-8 vc_col-has-fill\"><div class=\"vc_column-inner vc_custom_1710004632359\"><div class=\"wpb_wrapper\"><div class=\"vc_message_box vc_message_box-outline vc_message_box-rounded vc_color-green vc_custom_1710009245256\" ><div class=\"vc_message_box-icon\"><i class=\"vc_li vc_li-heart\"><\/i><\/div><h5><span style=\"color: #999999;\">Si une vision particuli\u00e8re vous anime pour une carte sur mesure, je vous encourage \u00e0 partager avec moi vos photographies, vos dessins, ou toute autre source d'inspiration. Ensemble, nous forgerons l'essence de la carte de vos r\u00eaves.<\/span><\/h5>\n<h5><span style=\"color: #999999;\">Les id\u00e9es peuvent aussi venir des cartes que j'ai d\u00e9j\u00e0 r\u00e9alis\u00e9es et qui sont expos\u00e9es dans la boutique. Je peux r\u00e9aliser la forme de l'animal seule, dans diff\u00e9rentes tailles ou la mettre sur une carte si vous le souhaitez. Je peux \u00e9galement changer la couleur du papier\/carton utilis\u00e9 pour l\u2019image\/l\u2019animal, selon votre choix.<\/span><\/h5>\n<h5><span style=\"color: #999999;\">N'h\u00e9sitez pas \u00e0 partager vos id\u00e9es afin que nous puissions cr\u00e9er ensemble la carte que vous d\u00e9sirez.<\/span><\/h5>\n<hr \/>\n<\/div><div class=\"vc_separator wpb_content_element vc_separator_align_center vc_sep_width_100 vc_sep_pos_align_center vc_separator_no_text vc_sep_color_grey\" ><span class=\"vc_sep_holder vc_sep_holder_l\"><span class=\"vc_sep_line\"><\/span><\/span><span class=\"vc_sep_holder vc_sep_holder_r\"><span class=\"vc_sep_line\"><\/span><\/span>\n<\/div><\/div><\/div><\/div><div class=\"wpb_column vc_column_container vc_col-sm-1\"><div class=\"vc_column-inner\"><div class=\"wpb_wrapper\"><\/div><\/div><\/div><div class=\"wpb_column vc_column_container vc_col-sm-3\"><div class=\"vc_column-inner\"><div class=\"wpb_wrapper\">\n\t<div class=\"wpb_text_column wpb_content_element\" >\n\t\t<div class=\"wpb_wrapper\">\n\t\t\t<h5><\/h5>\n<h5><\/h5>\n<h5>\u00a0 <a href=\"mailto:chinelo@eventually.ch\">chinelo@eventually.ch<\/a><\/h5>\n<h5 class=\"sc_form_address_field\"><span class=\"sc_form_address_label\">\u00a0 \u00a0 \u00a0 \u00a0 \u00a0 Eventually <\/span><\/h5>\n<h5 class=\"sc_form_address_field\"><span class=\"sc_form_address_data\">\u00a0 \u00a0 \u00a0\u00a0 Case Postale 12\u00a0\u00a0 <\/span><\/h5>\n<h5 class=\"sc_form_address_field\"><span class=\"sc_form_address_data\">\u00a0\u00a0 1824 Caux,<\/span> Switzerland<\/h5>\n<p><img loading=\"lazy\" decoding=\"async\" class=\"aligncenter wp-image-1096\" src=\"https:\/\/eventually.ch\/wp-content\/uploads\/2023\/09\/photo-image-e1694446525429.png\" alt=\"\" width=\"89\" height=\"89\" srcset=\"https:\/\/eventually.ch\/wp-content\/uploads\/2023\/09\/photo-image-e1694446525429.png 137w, https:\/\/eventually.ch\/wp-content\/uploads\/2023\/09\/photo-image-e1694446525429-100x100.png 100w\" sizes=\"(max-width: 89px) 100vw, 89px\" \/><\/p>\n<h5 class=\"sc_form_address_field\"><\/h5>\n<div class=\"sc_form_address_field phone\">\n<h5><\/h5>\n<h5><\/h5>\n<h6 class=\"sc_form_address_field phone\">\u00a0\u00a0\u00a0\u00a0\u00a0 \u00a0 \u00a0 076 461 65 22<\/h6>\n<\/div>\n\n\t\t<\/div>\n\t<\/div>\n<\/div><\/div><\/div><\/div><div class=\"vc_row-full-width vc_clearfix\"><\/div><div data-vc-full-width=\"true\" data-vc-full-width-init=\"false\" class=\"vc_row wpb_row vc_row-fluid vc_custom_1709027980609 vc_row-has-fill\"><div class=\"wpb_column vc_column_container vc_col-sm-12\"><div class=\"vc_column-inner\"><div class=\"wpb_wrapper\"><div class=\"sc_section\"><div class=\"sc_section_inner\"><div class=\"sc_section_content_wrap\"><div class=\"vc_row wpb_row vc_inner vc_row-fluid\"><div class=\"wpb_column vc_column_container vc_col-sm-12\"><div class=\"vc_column-inner\"><div class=\"wpb_wrapper\"><div class=\"vc_separator wpb_content_element vc_separator_align_center vc_sep_width_100 vc_sep_border_width_10 vc_sep_pos_align_center vc_sep_color_grey vc_custom_1709032326270 vc_separator-has-text\" ><span class=\"vc_sep_holder vc_sep_holder_l\"><span class=\"vc_sep_line\"><\/span><\/span><div class=\"vc_icon_element vc_icon_element-outer vc_icon_element-align-left\"><div class=\"vc_icon_element-inner vc_icon_element-color-pink vc_icon_element-size-lg vc_icon_element-style- vc_icon_element-background-color-grey\" ><span class=\"vc_icon_element-icon fab fa-gratipay\" ><\/span><\/div><\/div><h4>Me Contacter<\/h4><span class=\"vc_sep_holder vc_sep_holder_r\"><span class=\"vc_sep_line\"><\/span><\/span>\n<\/div>\n<div class=\"wpcf7 no-js\" id=\"wpcf7-f749-o1\" lang=\"en-US\" dir=\"ltr\">\n<div class=\"screen-reader-response\"><p role=\"status\" aria-live=\"polite\" aria-atomic=\"true\"><\/p> <ul><\/ul><\/div>\n<form action=\"\/fr\/wp-json\/wp\/v2\/pages\/90#wpcf7-f749-o1\" method=\"post\" class=\"wpcf7-form init\" aria-label=\"Contact form\" novalidate=\"novalidate\" data-status=\"init\" data-trp-original-action=\"\/fr\/wp-json\/wp\/v2\/pages\/90#wpcf7-f749-o1\">\n<div style=\"display: none;\">\n<input type=\"hidden\" name=\"_wpcf7\" value=\"749\" \/>\n<input type=\"hidden\" name=\"_wpcf7_version\" value=\"5.9.8\" \/>\n<input type=\"hidden\" name=\"_wpcf7_locale\" value=\"en_US\" \/>\n<input type=\"hidden\" name=\"_wpcf7_unit_tag\" value=\"wpcf7-f749-o1\" \/>\n<input type=\"hidden\" name=\"_wpcf7_container_post\" value=\"0\" \/>\n<input type=\"hidden\" name=\"_wpcf7_posted_data_hash\" value=\"\" \/>\n<\/div>\n<div class=\"flex\">\n\t<div class='itm row' >\n\t\t<p><span class=\"wpcf7-form-control-wrap\" data-name=\"your-name\"><input size=\"40\" maxlength=\"400\" class=\"wpcf7-form-control wpcf7-text wpcf7-validates-as-required\" aria-required=\"true\" aria-invalid=\"false\" placeholder=\"Nom*\" value=\"\" type=\"text\" name=\"your-name\" \/><\/span>\n\t\t<\/p>\n\t<\/div>\n\t<div class='itm row'>\n\t\t<p><span class=\"wpcf7-form-control-wrap\" data-name=\"your-email\"><input size=\"40\" maxlength=\"400\" class=\"wpcf7-form-control wpcf7-email wpcf7-validates-as-required wpcf7-text wpcf7-validates-as-email\" aria-required=\"true\" aria-invalid=\"false\" placeholder=\"E-mail*\" value=\"\" type=\"email\" name=\"your-email\" \/><\/span>\n\t\t<\/p>\n\t<\/div>\n<\/div>\n<div class=''>\n\t<p><span class=\"wpcf7-form-control-wrap\" data-name=\"your-message\"><textarea cols=\"40\" rows=\"10\" maxlength=\"2000\" class=\"wpcf7-form-control wpcf7-textarea wpcf7-validates-as-required\" aria-required=\"true\" aria-invalid=\"false\" placeholder=\"Message*\" name=\"your-message\"><\/textarea><\/span>\n\t<\/p>\n<\/div>\n<div class=\"sc_form_field sc_form_field_button sc_form_field_submit\">\n\t<p><input class=\"wpcf7-form-control wpcf7-submit has-spinner\" type=\"submit\" value=\"SUBMIT\" \/>\n\t<\/p>\n<\/div><div class=\"wpcf7-response-output\" aria-hidden=\"true\"><\/div>\n<input type=\"hidden\" name=\"trp-form-language\" value=\"fr\"\/><\/form>\n<\/div>\n<\/div><\/div><\/div><\/div><\/div><\/div><\/div><\/div><\/div><\/div><\/div><div class=\"vc_row-full-width vc_clearfix\"><\/div>\n<\/section>","protected":false},"excerpt":{"rendered":"CONTACT If you have a specific personalized card idea you would like, you can send me pictures, drawings, sketches or any ideas you have. Ideas can also come from the [...]","protected":false},"author":1,"featured_media":0,"parent":0,"menu_order":0,"comment_status":"closed","ping_status":"closed","template":"","meta":{"footnotes":""},"_links":{"self":[{"href":"https:\/\/eventually.ch\/fr\/wp-json\/wp\/v2\/pages\/90"}],"collection":[{"href":"https:\/\/eventually.ch\/fr\/wp-json\/wp\/v2\/pages"}],"about":[{"href":"https:\/\/eventually.ch\/fr\/wp-json\/wp\/v2\/types\/page"}],"author":[{"embeddable":true,"href":"https:\/\/eventually.ch\/fr\/wp-json\/wp\/v2\/users\/1"}],"replies":[{"embeddable":true,"href":"https:\/\/eventually.ch\/fr\/wp-json\/wp\/v2\/comments?post=90"}],"version-history":[{"count":139,"href":"https:\/\/eventually.ch\/fr\/wp-json\/wp\/v2\/pages\/90\/revisions"}],"predecessor-version":[{"id":2950,"href":"https:\/\/eventually.ch\/fr\/wp-json\/wp\/v2\/pages\/90\/revisions\/2950"}],"wp:attachment":[{"href":"https:\/\/eventually.ch\/fr\/wp-json\/wp\/v2\/media?parent=90"}],"curies":[{"name":"wp","href":"https:\/\/api.w.org\/{rel}","templated":true}]}}