{"id":2033,"date":"2024-01-29T13:22:02","date_gmt":"2024-01-29T12:22:02","guid":{"rendered":"https:\/\/eventually.ch\/?post_type=product&#038;p=2033"},"modified":"2024-03-22T17:44:18","modified_gmt":"2024-03-22T16:44:18","slug":"baby-blue","status":"publish","type":"product","link":"https:\/\/eventually.ch\/fr\/produit\/baby-blue\/","title":{"rendered":"\"baby\" bleu"},"content":{"rendered":"<p><span style=\"font-weight: 400;\">La carte est agr\u00e9ment\u00e9e d'un body pour b\u00e9b\u00e9 superpos\u00e9 d'un c\u0153ur \u00e0 carreaux en coton, le tout nou\u00e9 par un ruban de paille naturelle.<\/span><\/p>\n<p><span style=\"font-weight: 400;\">La carte peut \u00eatre r\u00e9alis\u00e9e dans une taille plus grande, avec la mention \u00ab Baby \u00bb et le body \u00e9galement plus grand.<\/span><\/p>","protected":false},"excerpt":{"rendered":"<p><span style=\"font-weight: 400;\">Carte avec les mots \u201cbaby\u201d d\u00e9coup\u00e9s<\/span><\/p>\n<p><span style=\"font-weight: 400;\">Accessoiris\u00e9 derri\u00e8re la carte avec un petit coeur bleu d\u00e9coup\u00e9. De plus, les mots \u00ab baby \u00bb sont grav\u00e9s avec des points derri\u00e8re, comme sur le body.<\/span><\/p>\n<p><span style=\"font-weight: 400;\">Taille approximative de la carte : 9cm x 16.5cm<\/span><\/p>\n<p><span style=\"font-weight: 400;\">Couleur de l'enveloppe : bleu<\/span><\/p>","protected":false},"featured_media":2034,"template":"","meta":[],"product_cat":[49],"product_tag":[],"_links":{"self":[{"href":"https:\/\/eventually.ch\/fr\/wp-json\/wp\/v2\/product\/2033"}],"collection":[{"href":"https:\/\/eventually.ch\/fr\/wp-json\/wp\/v2\/product"}],"about":[{"href":"https:\/\/eventually.ch\/fr\/wp-json\/wp\/v2\/types\/product"}],"wp:featuredmedia":[{"embeddable":true,"href":"https:\/\/eventually.ch\/fr\/wp-json\/wp\/v2\/media\/2034"}],"wp:attachment":[{"href":"https:\/\/eventually.ch\/fr\/wp-json\/wp\/v2\/media?parent=2033"}],"wp:term":[{"taxonomy":"product_cat","embeddable":true,"href":"https:\/\/eventually.ch\/fr\/wp-json\/wp\/v2\/product_cat?post=2033"},{"taxonomy":"product_tag","embeddable":true,"href":"https:\/\/eventually.ch\/fr\/wp-json\/wp\/v2\/product_tag?post=2033"}],"curies":[{"name":"wp","href":"https:\/\/api.w.org\/{rel}","templated":true}]}}