{"id":2257,"date":"2024-02-07T01:14:02","date_gmt":"2024-02-07T00:14:02","guid":{"rendered":"https:\/\/eventually.ch\/?post_type=product&#038;p=2257"},"modified":"2024-04-10T20:09:06","modified_gmt":"2024-04-10T18:09:06","slug":"big-occasion-cards","status":"publish","type":"product","link":"https:\/\/eventually.ch\/fr\/produit\/big-occasion-cards\/","title":{"rendered":"Cartes Grandes Occasions"},"content":{"rendered":"","protected":false},"excerpt":{"rendered":"<p><span style=\"font-weight: 400;\">Une carte personnalis\u00e9e pour c\u00e9l\u00e9brer le cadeau d'atteindre cet anniversaire sp\u00e9cial \u00e0 grand chiffre. Par exemple, le grand anniversaire des 20, 30, 50 ou 100 ans.<\/span><\/p>\n<p><span style=\"font-weight: 400;\">La carte MOYENNE mesure environ - 14,8 cm x 21 cm<\/span><\/p>\n<p><span style=\"font-weight: 400;\">La carte GRANDE mesure environ - 18 cm x 26 cm<\/span><\/p>\n<p><span style=\"font-weight: 400;\">Des cartes de plus grande taille peuvent \u00eatre r\u00e9alis\u00e9es sur demande.<\/span><\/p>","protected":false},"featured_media":2645,"template":"","meta":[],"product_cat":[24],"product_tag":[],"_links":{"self":[{"href":"https:\/\/eventually.ch\/fr\/wp-json\/wp\/v2\/product\/2257"}],"collection":[{"href":"https:\/\/eventually.ch\/fr\/wp-json\/wp\/v2\/product"}],"about":[{"href":"https:\/\/eventually.ch\/fr\/wp-json\/wp\/v2\/types\/product"}],"wp:featuredmedia":[{"embeddable":true,"href":"https:\/\/eventually.ch\/fr\/wp-json\/wp\/v2\/media\/2645"}],"wp:attachment":[{"href":"https:\/\/eventually.ch\/fr\/wp-json\/wp\/v2\/media?parent=2257"}],"wp:term":[{"taxonomy":"product_cat","embeddable":true,"href":"https:\/\/eventually.ch\/fr\/wp-json\/wp\/v2\/product_cat?post=2257"},{"taxonomy":"product_tag","embeddable":true,"href":"https:\/\/eventually.ch\/fr\/wp-json\/wp\/v2\/product_tag?post=2257"}],"curies":[{"name":"wp","href":"https:\/\/api.w.org\/{rel}","templated":true}]}}