{"id":2670,"date":"2024-03-08T15:20:49","date_gmt":"2024-03-08T14:20:49","guid":{"rendered":"https:\/\/eventually.ch\/?post_type=product&#038;p=2670"},"modified":"2024-03-22T19:23:58","modified_gmt":"2024-03-22T18:23:58","slug":"bee-blue","status":"publish","type":"product","link":"https:\/\/eventually.ch\/fr\/produit\/bee-blue\/","title":{"rendered":"abeille \u2013 bleu"},"content":{"rendered":"<p><span style=\"font-weight: 400;\">L'abeille peut \u00eatre r\u00e9alis\u00e9e seule, dans un format\/style diff\u00e9rent et dans diff\u00e9rentes tailles selon votre choix.<\/span><\/p>\n<p><span style=\"font-weight: 400;\">Cette carte est \u00e9galement disponible avec les b\u00e9b\u00e9s abeilles dans d'autres couleurs : rose ou noir\/jaune.<\/span><\/p>","protected":false},"excerpt":{"rendered":"<p><span style=\"font-weight: 400;\">Carte d'abeille d\u00e9coup\u00e9e en couches noires et jaunes, d\u00e9cor\u00e9e de deux abeilles plus petites (une bleue et une abeille ray\u00e9e noir\/jaune) et de leur rayon de miel.<\/span><\/p>\n<p><span style=\"font-weight: 400;\">Accessoiris\u00e9 d'un ruban bleu clair et d'un petit c\u0153ur bleu perfor\u00e9.<\/span><\/p>\n<p><span style=\"font-weight: 400;\">Je peux r\u00e9aliser les 2 petites abeilles en bleu ou m\u00eame la grande en bleu\/noir, selon vos go\u00fbts.<\/span><\/p>\n<p><span style=\"font-weight: 400;\">Taille approximative de la carte : 14cm x 14cm<\/span><\/p>","protected":false},"featured_media":2671,"template":"","meta":[],"product_cat":[49],"product_tag":[],"_links":{"self":[{"href":"https:\/\/eventually.ch\/fr\/wp-json\/wp\/v2\/product\/2670"}],"collection":[{"href":"https:\/\/eventually.ch\/fr\/wp-json\/wp\/v2\/product"}],"about":[{"href":"https:\/\/eventually.ch\/fr\/wp-json\/wp\/v2\/types\/product"}],"wp:featuredmedia":[{"embeddable":true,"href":"https:\/\/eventually.ch\/fr\/wp-json\/wp\/v2\/media\/2671"}],"wp:attachment":[{"href":"https:\/\/eventually.ch\/fr\/wp-json\/wp\/v2\/media?parent=2670"}],"wp:term":[{"taxonomy":"product_cat","embeddable":true,"href":"https:\/\/eventually.ch\/fr\/wp-json\/wp\/v2\/product_cat?post=2670"},{"taxonomy":"product_tag","embeddable":true,"href":"https:\/\/eventually.ch\/fr\/wp-json\/wp\/v2\/product_tag?post=2670"}],"curies":[{"name":"wp","href":"https:\/\/api.w.org\/{rel}","templated":true}]}}