{"id":2676,"date":"2024-03-08T15:34:15","date_gmt":"2024-03-08T14:34:15","guid":{"rendered":"https:\/\/eventually.ch\/?post_type=product&#038;p=2676"},"modified":"2024-03-22T19:32:00","modified_gmt":"2024-03-22T18:32:00","slug":"bee-pink","status":"publish","type":"product","link":"https:\/\/eventually.ch\/fr\/produit\/bee-pink\/","title":{"rendered":"abeille - rose"},"content":{"rendered":"<p><span style=\"font-weight: 400;\">L'abeille peut \u00eatre r\u00e9alis\u00e9e seule, dans un format\/style diff\u00e9rent et dans diff\u00e9rentes tailles selon votre choix.<\/span><\/p>\n<p><span style=\"font-weight: 400;\">Cette carte est \u00e9galement disponible avec les b\u00e9b\u00e9s abeilles dans d'autres couleurs : bleu ou noir\/jaune.<\/span><\/p>","protected":false},"excerpt":{"rendered":"<p><span style=\"font-weight: 400;\">Carte d'abeilles d\u00e9coup\u00e9e en couches noires et jaunes, d\u00e9cor\u00e9e de deux abeilles plus petites (une rose et une abeille ray\u00e9e noir\/jaune) et de leur rayon de miel.<\/span><\/p>\n<p><span style=\"font-weight: 400;\">Je peux r\u00e9aliser les 2 petites abeilles en rose ou m\u00eame la grande en rose\/noir, selon vos go\u00fbts.<\/span><\/p>\n<p><span style=\"font-weight: 400;\">Accessoiris\u00e9 d'un ruban rose clair et d'un petit c\u0153ur rose perfor\u00e9.<\/span><\/p>\n<p><span style=\"font-weight: 400;\">Taille approximative de la carte : 14cm x 14cm<\/span><\/p>","protected":false},"featured_media":2677,"template":"","meta":[],"product_cat":[50],"product_tag":[],"_links":{"self":[{"href":"https:\/\/eventually.ch\/fr\/wp-json\/wp\/v2\/product\/2676"}],"collection":[{"href":"https:\/\/eventually.ch\/fr\/wp-json\/wp\/v2\/product"}],"about":[{"href":"https:\/\/eventually.ch\/fr\/wp-json\/wp\/v2\/types\/product"}],"wp:featuredmedia":[{"embeddable":true,"href":"https:\/\/eventually.ch\/fr\/wp-json\/wp\/v2\/media\/2677"}],"wp:attachment":[{"href":"https:\/\/eventually.ch\/fr\/wp-json\/wp\/v2\/media?parent=2676"}],"wp:term":[{"taxonomy":"product_cat","embeddable":true,"href":"https:\/\/eventually.ch\/fr\/wp-json\/wp\/v2\/product_cat?post=2676"},{"taxonomy":"product_tag","embeddable":true,"href":"https:\/\/eventually.ch\/fr\/wp-json\/wp\/v2\/product_tag?post=2676"}],"curies":[{"name":"wp","href":"https:\/\/api.w.org\/{rel}","templated":true}]}}