{"id":2692,"date":"2024-03-08T20:14:08","date_gmt":"2024-03-08T19:14:08","guid":{"rendered":"https:\/\/eventually.ch\/?post_type=product&#038;p=2692"},"modified":"2024-04-10T21:03:32","modified_gmt":"2024-04-10T19:03:32","slug":"beetle-blue","status":"publish","type":"product","link":"https:\/\/eventually.ch\/fr\/produit\/beetle-blue\/","title":{"rendered":"coccinelle - bleu"},"content":{"rendered":"<p><span style=\"font-weight: 400;\">Cette carte est \u00e9galement disponible avec les coccinelles en couleurs rouge\/noir ou rose\/noir.<\/span><\/p>\n<p><span style=\"font-weight: 400;\">Le coccinelle peut \u00e9galement \u00eatre r\u00e9alis\u00e9 dans une autre couleur comme l'orange ou le jaune ou dans un style diff\u00e9rent, selon votre choix.<\/span><\/p>","protected":false},"excerpt":{"rendered":"<p><span style=\"font-weight: 400;\">Carte coccinelle d\u00e9coup\u00e9e en couches noires et bleus.<\/span><\/p>\n<p><span style=\"font-weight: 400;\">Cette carte est d\u00e9cor\u00e9e d'un petit coccinelle bleu\/noir et d'une \u00e9tiquette parapluie en relief avec un c\u0153ur rouge perfor\u00e9 \u00e0 l'int\u00e9rieur.<\/span><\/p>\n<p><span style=\"font-weight: 400;\">Cette carte comporte 3 couches de papier cartonn\u00e9 (bleu fonc\u00e9, noir et bleu clair) utilis\u00e9es pour mettre la photo et\/ou le poids de votre b\u00e9b\u00e9, les informations sur le jour de naissance, etc.<\/span><\/p>\n<p><span style=\"font-weight: 400;\">Accessoiris\u00e9 d'un ruban de paille naturelle, de fleurs d\u00e9coup\u00e9es et d'un coccinelle en bois rouge et noir.<\/span><\/p>\n<p><span style=\"font-weight: 400;\">Taille approximative de la carte : 10.5 cm x 14.5 cm<\/span><\/p>\n<p><span style=\"font-weight: 400;\">Couleur de l'enveloppe : bleu<\/span><\/p>","protected":false},"featured_media":2862,"template":"","meta":[],"product_cat":[49],"product_tag":[],"_links":{"self":[{"href":"https:\/\/eventually.ch\/fr\/wp-json\/wp\/v2\/product\/2692"}],"collection":[{"href":"https:\/\/eventually.ch\/fr\/wp-json\/wp\/v2\/product"}],"about":[{"href":"https:\/\/eventually.ch\/fr\/wp-json\/wp\/v2\/types\/product"}],"wp:featuredmedia":[{"embeddable":true,"href":"https:\/\/eventually.ch\/fr\/wp-json\/wp\/v2\/media\/2862"}],"wp:attachment":[{"href":"https:\/\/eventually.ch\/fr\/wp-json\/wp\/v2\/media?parent=2692"}],"wp:term":[{"taxonomy":"product_cat","embeddable":true,"href":"https:\/\/eventually.ch\/fr\/wp-json\/wp\/v2\/product_cat?post=2692"},{"taxonomy":"product_tag","embeddable":true,"href":"https:\/\/eventually.ch\/fr\/wp-json\/wp\/v2\/product_tag?post=2692"}],"curies":[{"name":"wp","href":"https:\/\/api.w.org\/{rel}","templated":true}]}}