{"id":2783,"date":"2024-03-09T20:03:07","date_gmt":"2024-03-09T19:03:07","guid":{"rendered":"https:\/\/eventually.ch\/?post_type=product&#038;p=2783"},"modified":"2024-04-11T14:41:40","modified_gmt":"2024-04-11T12:41:40","slug":"tags-blue","status":"publish","type":"product","link":"https:\/\/eventually.ch\/fr\/produit\/tags-blue\/","title":{"rendered":"\u00e9tiquettes - bleu"},"content":{"rendered":"<p><span style=\"font-weight: 400;\">Cette carte est \u00e9galement disponible en rouge et rose<\/span><\/p>\n<p><span style=\"font-weight: 400;\">Cette carte peut \u00e9galement \u00eatre r\u00e9alis\u00e9e dans une taille ou une couleur diff\u00e9rente si vous le souhaitez. Je peux utiliser vos id\u00e9es et faire un \u00e9chantillon. Si vous aimez le r\u00e9sultat final, je peux ex\u00e9cuter votre commande apr\u00e8s accord<\/span><\/p>","protected":false},"excerpt":{"rendered":"<p><span style=\"font-weight: 400;\">Carte avec plusieurs \u00e9tiquettes en bleu et jaune d\u00e9coup\u00e9es et plac\u00e9es sur une carte blanche<\/span><\/p>\n<p><span style=\"font-weight: 400;\">Cette carte est d\u00e9cor\u00e9e de quatre \u00e9tiquettes dont deux ont des fen\u00eatres pour la photo de votre b\u00e9b\u00e9 ou des informations sur votre b\u00e9b\u00e9 comme la date de naissance, etc. Les deux autres \u00e9tiquettes ont un landau en relief et un singe perfor\u00e9<\/span><\/p>\n<p><span style=\"font-weight: 400;\">Accessoiris\u00e9 d'un ruban de satin blanc, de fleurs perfor\u00e9es et d'une t\u00e9tine bleu clair<\/span><\/p>\n<p><span style=\"font-weight: 400;\">Taille approximative de la carte : 11 cm x 16 cm<\/span><\/p>\n<p><span style=\"font-weight: 400;\">Couleur de l'enveloppe : bleu<\/span><\/p>","protected":false},"featured_media":2785,"template":"","meta":[],"product_cat":[49],"product_tag":[],"_links":{"self":[{"href":"https:\/\/eventually.ch\/fr\/wp-json\/wp\/v2\/product\/2783"}],"collection":[{"href":"https:\/\/eventually.ch\/fr\/wp-json\/wp\/v2\/product"}],"about":[{"href":"https:\/\/eventually.ch\/fr\/wp-json\/wp\/v2\/types\/product"}],"wp:featuredmedia":[{"embeddable":true,"href":"https:\/\/eventually.ch\/fr\/wp-json\/wp\/v2\/media\/2785"}],"wp:attachment":[{"href":"https:\/\/eventually.ch\/fr\/wp-json\/wp\/v2\/media?parent=2783"}],"wp:term":[{"taxonomy":"product_cat","embeddable":true,"href":"https:\/\/eventually.ch\/fr\/wp-json\/wp\/v2\/product_cat?post=2783"},{"taxonomy":"product_tag","embeddable":true,"href":"https:\/\/eventually.ch\/fr\/wp-json\/wp\/v2\/product_tag?post=2783"}],"curies":[{"name":"wp","href":"https:\/\/api.w.org\/{rel}","templated":true}]}}