{"id":2892,"date":"2024-03-15T18:26:17","date_gmt":"2024-03-15T17:26:17","guid":{"rendered":"https:\/\/eventually.ch\/?post_type=product&#038;p=2892"},"modified":"2024-04-09T21:43:59","modified_gmt":"2024-04-09T19:43:59","slug":"giraffe-feeding-bottle-pink","status":"publish","type":"product","link":"https:\/\/eventually.ch\/fr\/produit\/giraffe-feeding-bottle-pink\/","title":{"rendered":"girafe\/biberon \u2013 rose"},"content":{"rendered":"<p><span style=\"font-weight: 400;\">Cette carte est \u00e9galement disponible avec la girafe en bleu avec les accessoires assortis.<\/span><\/p>","protected":false},"excerpt":{"rendered":"<p><span style=\"font-weight: 400;\">Girafe rose d\u00e9coup\u00e9e et plac\u00e9e  sur une carte de biberon.<\/span><\/p>\n<p><span style=\"font-weight: 400;\">Cette carte est d\u00e9cor\u00e9e d'une t\u00e9tine rose clair, d'un ruban en paille naturelle, d'un ruban rose satin\u00e9 \u00e0 l'int\u00e9rieur, d'un coeur rouge d\u00e9coup\u00e9 en guise de la bouche de la girafe et d'un landau gaufr\u00e9 sur papier cartonn\u00e9 blanc.<\/span><\/p>\n<p><span style=\"font-weight: 400;\">\u00c0 l\u2019int\u00e9rieur de la carte se trouvent 2 \u00e9tiquettes pour la photo de votre b\u00e9b\u00e9, son poids et\/ou ses informations sur le jour de naissance, etc.<\/span><\/p>\n<p><span style=\"font-weight: 400;\">Taille approximative de la carte : 9.5 cm x 17 cm<\/span><\/p>\n<p><span style=\"font-weight: 400;\">Couleur de l'enveloppe : rose<\/span><\/p>","protected":false},"featured_media":2918,"template":"","meta":[],"product_cat":[50],"product_tag":[],"_links":{"self":[{"href":"https:\/\/eventually.ch\/fr\/wp-json\/wp\/v2\/product\/2892"}],"collection":[{"href":"https:\/\/eventually.ch\/fr\/wp-json\/wp\/v2\/product"}],"about":[{"href":"https:\/\/eventually.ch\/fr\/wp-json\/wp\/v2\/types\/product"}],"wp:featuredmedia":[{"embeddable":true,"href":"https:\/\/eventually.ch\/fr\/wp-json\/wp\/v2\/media\/2918"}],"wp:attachment":[{"href":"https:\/\/eventually.ch\/fr\/wp-json\/wp\/v2\/media?parent=2892"}],"wp:term":[{"taxonomy":"product_cat","embeddable":true,"href":"https:\/\/eventually.ch\/fr\/wp-json\/wp\/v2\/product_cat?post=2892"},{"taxonomy":"product_tag","embeddable":true,"href":"https:\/\/eventually.ch\/fr\/wp-json\/wp\/v2\/product_tag?post=2892"}],"curies":[{"name":"wp","href":"https:\/\/api.w.org\/{rel}","templated":true}]}}